{"id":3683,"date":"2024-11-01T10:56:18","date_gmt":"2024-11-01T09:56:18","guid":{"rendered":"https:\/\/marine-rosset.fr\/?page_id=3683"},"modified":"2025-07-16T18:48:21","modified_gmt":"2025-07-16T16:48:21","slug":"politique-de-confidentialite-2","status":"publish","type":"page","link":"https:\/\/marine-rosset.fr\/index.php\/politique-de-confidentialite-2\/","title":{"rendered":"Politique de confidentialit\u00e9"},"content":{"rendered":"\n<p>Marine ROSSET, conseill\u00e8re municipale de Paris 5, est attach\u00e9e au respect de la r\u00e9glementation applicable en mati\u00e8re de protection des donn\u00e9es \u00e0 caract\u00e8re personnel (toute information se rapportant \u00e0 une personne physique identifi\u00e9e ou identifiable), et notamment les dispositions du R\u00e8glement g\u00e9n\u00e9ral sur la Protection des donn\u00e9es (R\u00e8glement UE&nbsp;2016\/679), le \u00ab&nbsp;RGPD&nbsp;\u00bb (ci-apr\u00e8s collectivement la \u00ab&nbsp;<strong>R\u00e9glementation Applicable&nbsp;<\/strong>\u00bb).&nbsp;<\/p>\n\n\n\n<p>Dans le cadre des p\u00e9titions, formulaires ou questionnaires en ligne (ci-apr\u00e8s les \u201c<strong>Formulaires<\/strong>\u201d) que vous (\u00ab&nbsp;<strong>vous<\/strong>&nbsp;\u00bb)vous appr\u00eatez \u00e0 compl\u00e9ter, vous nous transmettez des donn\u00e9es \u00e0 caract\u00e8re personnel que nous allons traiter. La pr\u00e9sente mention d\u2019information, que nous vous recommandons de lire attentivement, a pour objet de vous pr\u00e9senter les modalit\u00e9s des traitements qui en d\u00e9coulent, et les droits dont vous disposez.<\/p>\n\n\n\n<p><em><strong>Pour quelle(s) raison(s) vos donn\u00e9es \u00e0 caract\u00e8re personnel sont-elles collect\u00e9es&nbsp;?&nbsp;&nbsp;<\/strong><\/em><\/p>\n\n\n\n<p>La finalit\u00e9 du traitement s\u2019entend de l\u2019objectif principal de l\u2019utilisation de vos donn\u00e9es \u00e0 caract\u00e8re personnel. Il s\u2019agit \u00e9galement, selon les cases que vous cochez lors de la validation de votre soutien&nbsp;:&nbsp;<\/p>\n\n\n\n<ul class=\"wp-block-list\">\n<li>de pouvoir vous transmettre les informations li\u00e9es aux Formulaires (objectif atteint, actions mises en \u0153uvre etc.)<\/li>\n\n\n\n<li>de pouvoir vous transmettre notre newsletter et\/ou toutes autres communications sur notre action.<\/li>\n<\/ul>\n\n\n\n<p><em><strong>Quelles donn\u00e9es \u00e0 caract\u00e8re personnel collectons-nous&nbsp;?<\/strong><\/em><\/p>\n\n\n\n<p>Les donn\u00e9es que nous collectons afin de traiter votre Formulaire sont les suivantes&nbsp;:&nbsp;<\/p>\n\n\n\n<ul class=\"wp-block-list\">\n<li>votre adresse e-mail&nbsp;;<\/li>\n\n\n\n<li>votre num\u00e9ro de t\u00e9l\u00e9phone et fixe ;<\/li>\n\n\n\n<li>votre nom et pr\u00e9nom&nbsp;;&nbsp;<\/li>\n\n\n\n<li>votre code postal et adresse&nbsp;;<\/li>\n\n\n\n<li>votre date de naissance ;&nbsp;<\/li>\n\n\n\n<li>votre genre.<\/li>\n<\/ul>\n\n\n\n<p>Les donn\u00e9es \u00e0 caract\u00e8re personnel obligatoire au traitement de votre participation \/ signature du Formulaire sont indiqu\u00e9es sur le formulaire. \u00c0 d\u00e9faut de communication de ces donn\u00e9es, vous reconnaissez que nous ne serons pas en mesure de prendre en compte votre participation aux Formulaires.&nbsp;<\/p>\n\n\n\n<p><em><strong>Sur quel fondement vos donn\u00e9es \u00e0 caract\u00e8re personnel sont-elles collect\u00e9es&nbsp;?<\/strong><\/em><\/p>\n\n\n\n<p>La base l\u00e9gale de nos traitements de vos donn\u00e9es repose sur&nbsp;:&nbsp;<\/p>\n\n\n\n<ul class=\"wp-block-list\">\n<li>la poursuite de notre int\u00e9r\u00eat l\u00e9gitime relatif \u00e0 la gestion de la p\u00e9tition et la lutte contre les tentatives de signatures multiples dans le cadre de la gestion des p\u00e9titions&nbsp;; et\/ou des formulaires, et questionnaires.&nbsp;<\/li>\n\n\n\n<li>votre consentement au traitement de vos donn\u00e9es \u00e0 caract\u00e8re personnel pour certaines finalit\u00e9s. Vous pouvez retirer ce consentement \u00e0 tout moment.<\/li>\n<\/ul>\n\n\n\n<p><em><strong>Quels sont les destinataires de vos donn\u00e9es \u00e0 caract\u00e8re personnel&nbsp;?<\/strong><\/em><\/p>\n\n\n\n<p>Les donn\u00e9es \u00e0 caract\u00e8re personnel ne sont accessibles que par nos \u00e9quipes habilit\u00e9es de par leur fonction \u00e0 les traiter&nbsp;; ces derniers \u00e9tant soumis \u00e0 une obligation de confidentialit\u00e9 et sensibilis\u00e9s au traitement des donn\u00e9es \u00e0 caract\u00e8re personnel.<\/p>\n\n\n\n<p>Elles sont \u00e9galement susceptibles d\u2019\u00eatre communiqu\u00e9es \u00e0 certains de nos prestataires de services, dans le seul cas o\u00f9 une telle communication est n\u00e9cessaire pour la r\u00e9alisation de leurs services (notamment et par exemple, \u00e0 la soci\u00e9t\u00e9 Dolphins SAS qui permet via sa plateforme Qomon la cr\u00e9ation et l\u2019h\u00e9bergement en ligne des Formulaires), et sous r\u00e9serve que ceux-ci offrent les garanties n\u00e9cessaires au respect de la s\u00e9curit\u00e9 et de la confidentialit\u00e9 de vos donn\u00e9es.&nbsp;<\/p>\n\n\n\n<p>Enfin, nous pouvons \u00eatre contraints de transmettre des donn\u00e9es \u00e0 caract\u00e8re personnel \u00e0 la demande d\u2019autorit\u00e9s judiciaires ou, plus g\u00e9n\u00e9ralement, si une disposition l\u00e9gale ou r\u00e9glementaire nous l\u2019impose.<\/p>\n\n\n\n<p><em><strong>Des transferts de donn\u00e9es \u00e0 caract\u00e8re personnel hors de l\u2019Union europ\u00e9enne sont-ils r\u00e9alis\u00e9s&nbsp;?<\/strong><\/em><\/p>\n\n\n\n<p>Aucun transfert de donn\u00e9es \u00e0 caract\u00e8re personnel en dehors de l\u2019espace \u00e9conomique europ\u00e9en n\u2019est r\u00e9alis\u00e9.<\/p>\n\n\n\n<p><em><strong>Combien de temps conservons-nous vos donn\u00e9es \u00e0 caract\u00e8re personnel&nbsp;?<\/strong><\/em><\/p>\n\n\n\n<p>Vos donn\u00e9es \u00e0 caract\u00e8re personnel sont conserv\u00e9es conform\u00e9ment \u00e0 la R\u00e9glementation Applicable, pendant une dur\u00e9e qui n\u2019exc\u00e8de pas celle n\u00e9cessaire aux finalit\u00e9s pour lesquelles elles sont collect\u00e9es et trait\u00e9es et\/ou pour la dur\u00e9e n\u00e9cessaire, afin que nous remplissions nos obligations l\u00e9gales et r\u00e9glementaires.<\/p>\n\n\n\n<p><em><strong>Quels sont vos droits&nbsp;? Comment les exercer&nbsp;?<\/strong><\/em><\/p>\n\n\n\n<p>Conform\u00e9ment \u00e0 la R\u00e9glementation Applicable, vous disposez, en ce qui concerne le traitement que nous effectuons, des droits suivants&nbsp;:<\/p>\n\n\n\n<ul class=\"wp-block-list\">\n<li>droit d\u2019acc\u00e8s&nbsp;: obtenir confirmation des donn\u00e9es \u00e0 caract\u00e8re personnel trait\u00e9es et le cas \u00e9ch\u00e9ant y avoir acc\u00e8s\/recevoir une copie de vos donn\u00e9es \u00e0 caract\u00e8re personnel ;<\/li>\n\n\n\n<li>droit de rectification&nbsp;: droit de modifier ou rectifier vos donn\u00e9es \u00e0 caract\u00e8re personnel inexactes ou incompl\u00e8tes&nbsp;;<\/li>\n\n\n\n<li>droit d\u2019effacement&nbsp;: droit de demander l\u2019effacement de toutes vos donn\u00e9es \u00e0 caract\u00e8re personnel s\u2019il n\u2019existe pas de motif l\u00e9gitime \u00e0 poursuivre leur traitement, \u00e0 l\u2019exception donc notamment des donn\u00e9es n\u00e9cessaires \u00e0 l\u2019ex\u00e9cution d\u2019une obligation l\u00e9gale&nbsp;;<\/li>\n\n\n\n<li>droit \u00e0 la limitation&nbsp;: droit de demander la limitation du traitement (ne pas utiliser ni traiter les donn\u00e9es) dans l\u2019hypoth\u00e8se o\u00f9 vous contestez l\u2019exactitude des donn\u00e9es ou que vous vous opposez \u00e0 leur(s) traitement(s), pendant le traitement de votre demande&nbsp;;<\/li>\n\n\n\n<li>droit \u00e0 la portabilit\u00e9&nbsp;: droit de d\u00e9placer, copier ou transmettre les donn\u00e9es vous concernant d\u2019une base de donn\u00e9es \u00e0 une autre, lorsque le traitement est effectu\u00e9 \u00e0 l\u2019aide de proc\u00e9d\u00e9s automatis\u00e9s&nbsp;;<\/li>\n\n\n\n<li>droit d\u2019organiser le sort de vos donn\u00e9es&nbsp;post mortem&nbsp;: droit de d\u00e9finir des directives relatives \u00e0 la conservation, \u00e0 l\u2019effacement ou \u00e0 la communication de vos donn\u00e9es, applicables apr\u00e8s votre d\u00e9c\u00e8s.<\/li>\n<\/ul>\n\n\n\n<p>Vous disposez \u00e9galement d\u2019un droit de recours aupr\u00e8s de la Commission nationale de l\u2019informatique et des libert\u00e9s (CNIL).<\/p>\n\n\n\n<p>Ces droits s\u2019exercent \u00e0 tout moment, par&nbsp;:&nbsp;<\/p>\n\n\n\n<ul class=\"wp-block-list\">\n<li>Mail \u00e0 : <a href=\"https:\/\/marine-rosset.fr\/index.php\/formulaire-de-contact\/\" target=\"_blank\" rel=\"noreferrer noopener\">Formulaire de contact<\/a> <\/li>\n<\/ul>\n\n\n\n<p>Dans ce cadre, nous vous prions de bien vouloir accompagner votre demande des \u00e9l\u00e9ments n\u00e9cessaires \u00e0 votre identification ainsi que toute autre information n\u00e9cessaire \u00e0 la confirmation de votre identit\u00e9.<\/p>\n","protected":false},"excerpt":{"rendered":"<p>Marine ROSSET, conseill\u00e8re municipale de Paris 5, est attach\u00e9e au respect de la r\u00e9glementation applicable en mati\u00e8re de protection des donn\u00e9es \u00e0 caract\u00e8re personnel (toute information se rapportant \u00e0 une [&hellip;]<\/p>\n","protected":false},"author":1,"featured_media":0,"parent":0,"menu_order":0,"comment_status":"closed","ping_status":"closed","template":"","meta":{"_themeisle_gutenberg_block_has_review":false,"footnotes":""},"class_list":["post-3683","page","type-page","status-publish","hentry"],"yoast_head":"<!-- This site is optimized with the Yoast SEO plugin v22.3 - https:\/\/yoast.com\/wordpress\/plugins\/seo\/ -->\n<title>Politique de confidentialit\u00e9 - Marine ROSSET<\/title>\n<meta name=\"robots\" content=\"index, follow, max-snippet:-1, max-image-preview:large, max-video-preview:-1\" \/>\n<link rel=\"canonical\" href=\"https:\/\/marine-rosset.fr\/index.php\/politique-de-confidentialite-2\/\" \/>\n<meta property=\"og:locale\" content=\"en_US\" \/>\n<meta property=\"og:type\" content=\"article\" \/>\n<meta property=\"og:title\" content=\"Politique de confidentialit\u00e9 - Marine ROSSET\" \/>\n<meta property=\"og:description\" content=\"Marine ROSSET, conseill\u00e8re municipale de Paris 5, est attach\u00e9e au respect de la r\u00e9glementation applicable en mati\u00e8re de protection des donn\u00e9es \u00e0 caract\u00e8re personnel (toute information se rapportant \u00e0 une [&hellip;]\" \/>\n<meta property=\"og:url\" content=\"https:\/\/marine-rosset.fr\/index.php\/politique-de-confidentialite-2\/\" \/>\n<meta property=\"og:site_name\" content=\"Marine ROSSET\" \/>\n<meta property=\"article:modified_time\" content=\"2025-07-16T16:48:21+00:00\" \/>\n<meta name=\"twitter:card\" content=\"summary_large_image\" \/>\n<meta name=\"twitter:label1\" content=\"Est. reading time\" \/>\n\t<meta name=\"twitter:data1\" content=\"4 minutes\" \/>\n<script type=\"application\/ld+json\" class=\"yoast-schema-graph\">{\"@context\":\"https:\/\/schema.org\",\"@graph\":[{\"@type\":\"WebPage\",\"@id\":\"https:\/\/marine-rosset.fr\/index.php\/politique-de-confidentialite-2\/\",\"url\":\"https:\/\/marine-rosset.fr\/index.php\/politique-de-confidentialite-2\/\",\"name\":\"Politique de confidentialit\u00e9 - Marine ROSSET\",\"isPartOf\":{\"@id\":\"https:\/\/marine-rosset.fr\/#website\"},\"datePublished\":\"2024-11-01T09:56:18+00:00\",\"dateModified\":\"2025-07-16T16:48:21+00:00\",\"breadcrumb\":{\"@id\":\"https:\/\/marine-rosset.fr\/index.php\/politique-de-confidentialite-2\/#breadcrumb\"},\"inLanguage\":\"en-US\",\"potentialAction\":[{\"@type\":\"ReadAction\",\"target\":[\"https:\/\/marine-rosset.fr\/index.php\/politique-de-confidentialite-2\/\"]}]},{\"@type\":\"BreadcrumbList\",\"@id\":\"https:\/\/marine-rosset.fr\/index.php\/politique-de-confidentialite-2\/#breadcrumb\",\"itemListElement\":[{\"@type\":\"ListItem\",\"position\":1,\"name\":\"Accueil\",\"item\":\"https:\/\/marine-rosset.fr\/\"},{\"@type\":\"ListItem\",\"position\":2,\"name\":\"Politique de confidentialit\u00e9\"}]},{\"@type\":\"WebSite\",\"@id\":\"https:\/\/marine-rosset.fr\/#website\",\"url\":\"https:\/\/marine-rosset.fr\/\",\"name\":\"Marine ROSSET\",\"description\":\"Marine Rosset pour le 5e\",\"publisher\":{\"@id\":\"https:\/\/marine-rosset.fr\/#organization\"},\"potentialAction\":[{\"@type\":\"SearchAction\",\"target\":{\"@type\":\"EntryPoint\",\"urlTemplate\":\"https:\/\/marine-rosset.fr\/?s={search_term_string}\"},\"query-input\":\"required name=search_term_string\"}],\"inLanguage\":\"en-US\"},{\"@type\":\"Organization\",\"@id\":\"https:\/\/marine-rosset.fr\/#organization\",\"name\":\"Marine ROSSET\",\"url\":\"https:\/\/marine-rosset.fr\/\",\"logo\":{\"@type\":\"ImageObject\",\"inLanguage\":\"en-US\",\"@id\":\"https:\/\/marine-rosset.fr\/#\/schema\/logo\/image\/\",\"url\":\"https:\/\/marine-rosset.fr\/wp-content\/uploads\/2025\/12\/Marine.png\",\"contentUrl\":\"https:\/\/marine-rosset.fr\/wp-content\/uploads\/2025\/12\/Marine.png\",\"width\":500,\"height\":500,\"caption\":\"Marine ROSSET\"},\"image\":{\"@id\":\"https:\/\/marine-rosset.fr\/#\/schema\/logo\/image\/\"}}]}<\/script>\n<!-- \/ Yoast SEO plugin. -->","yoast_head_json":{"title":"Politique de confidentialit\u00e9 - Marine ROSSET","robots":{"index":"index","follow":"follow","max-snippet":"max-snippet:-1","max-image-preview":"max-image-preview:large","max-video-preview":"max-video-preview:-1"},"canonical":"https:\/\/marine-rosset.fr\/index.php\/politique-de-confidentialite-2\/","og_locale":"en_US","og_type":"article","og_title":"Politique de confidentialit\u00e9 - Marine ROSSET","og_description":"Marine ROSSET, conseill\u00e8re municipale de Paris 5, est attach\u00e9e au respect de la r\u00e9glementation applicable en mati\u00e8re de protection des donn\u00e9es \u00e0 caract\u00e8re personnel (toute information se rapportant \u00e0 une [&hellip;]","og_url":"https:\/\/marine-rosset.fr\/index.php\/politique-de-confidentialite-2\/","og_site_name":"Marine ROSSET","article_modified_time":"2025-07-16T16:48:21+00:00","twitter_card":"summary_large_image","twitter_misc":{"Est. reading time":"4 minutes"},"schema":{"@context":"https:\/\/schema.org","@graph":[{"@type":"WebPage","@id":"https:\/\/marine-rosset.fr\/index.php\/politique-de-confidentialite-2\/","url":"https:\/\/marine-rosset.fr\/index.php\/politique-de-confidentialite-2\/","name":"Politique de confidentialit\u00e9 - Marine ROSSET","isPartOf":{"@id":"https:\/\/marine-rosset.fr\/#website"},"datePublished":"2024-11-01T09:56:18+00:00","dateModified":"2025-07-16T16:48:21+00:00","breadcrumb":{"@id":"https:\/\/marine-rosset.fr\/index.php\/politique-de-confidentialite-2\/#breadcrumb"},"inLanguage":"en-US","potentialAction":[{"@type":"ReadAction","target":["https:\/\/marine-rosset.fr\/index.php\/politique-de-confidentialite-2\/"]}]},{"@type":"BreadcrumbList","@id":"https:\/\/marine-rosset.fr\/index.php\/politique-de-confidentialite-2\/#breadcrumb","itemListElement":[{"@type":"ListItem","position":1,"name":"Accueil","item":"https:\/\/marine-rosset.fr\/"},{"@type":"ListItem","position":2,"name":"Politique de confidentialit\u00e9"}]},{"@type":"WebSite","@id":"https:\/\/marine-rosset.fr\/#website","url":"https:\/\/marine-rosset.fr\/","name":"Marine ROSSET","description":"Marine Rosset pour le 5e","publisher":{"@id":"https:\/\/marine-rosset.fr\/#organization"},"potentialAction":[{"@type":"SearchAction","target":{"@type":"EntryPoint","urlTemplate":"https:\/\/marine-rosset.fr\/?s={search_term_string}"},"query-input":"required name=search_term_string"}],"inLanguage":"en-US"},{"@type":"Organization","@id":"https:\/\/marine-rosset.fr\/#organization","name":"Marine ROSSET","url":"https:\/\/marine-rosset.fr\/","logo":{"@type":"ImageObject","inLanguage":"en-US","@id":"https:\/\/marine-rosset.fr\/#\/schema\/logo\/image\/","url":"https:\/\/marine-rosset.fr\/wp-content\/uploads\/2025\/12\/Marine.png","contentUrl":"https:\/\/marine-rosset.fr\/wp-content\/uploads\/2025\/12\/Marine.png","width":500,"height":500,"caption":"Marine ROSSET"},"image":{"@id":"https:\/\/marine-rosset.fr\/#\/schema\/logo\/image\/"}}]}},"_links":{"self":[{"href":"https:\/\/marine-rosset.fr\/index.php\/wp-json\/wp\/v2\/pages\/3683","targetHints":{"allow":["GET"]}}],"collection":[{"href":"https:\/\/marine-rosset.fr\/index.php\/wp-json\/wp\/v2\/pages"}],"about":[{"href":"https:\/\/marine-rosset.fr\/index.php\/wp-json\/wp\/v2\/types\/page"}],"author":[{"embeddable":true,"href":"https:\/\/marine-rosset.fr\/index.php\/wp-json\/wp\/v2\/users\/1"}],"replies":[{"embeddable":true,"href":"https:\/\/marine-rosset.fr\/index.php\/wp-json\/wp\/v2\/comments?post=3683"}],"version-history":[{"count":4,"href":"https:\/\/marine-rosset.fr\/index.php\/wp-json\/wp\/v2\/pages\/3683\/revisions"}],"predecessor-version":[{"id":4964,"href":"https:\/\/marine-rosset.fr\/index.php\/wp-json\/wp\/v2\/pages\/3683\/revisions\/4964"}],"wp:attachment":[{"href":"https:\/\/marine-rosset.fr\/index.php\/wp-json\/wp\/v2\/media?parent=3683"}],"curies":[{"name":"wp","href":"https:\/\/api.w.org\/{rel}","templated":true}]}}