{"id":6477,"date":"2026-02-15T22:09:01","date_gmt":"2026-02-15T21:09:01","guid":{"rendered":"https:\/\/marine-rosset.fr\/?page_id=6477"},"modified":"2026-02-15T22:35:57","modified_gmt":"2026-02-15T21:35:57","slug":"notre-programme-pour-paris-5e","status":"publish","type":"page","link":"https:\/\/marine-rosset.fr\/index.php\/notre-programme-pour-paris-5e\/","title":{"rendered":"Notre programme pour Paris 5e !"},"content":{"rendered":"\n<p><strong>POUR UN 5e SOLIDAIRE, VIVANT ET SOLIDAIRE &#8211; NOS 1<sup>\u00e8res<\/sup> PROPOSITIONS<\/strong><\/p>\n\n\n\n<div id=\"wp-block-themeisle-blocks-advanced-columns-8db20231\" class=\"wp-block-themeisle-blocks-advanced-columns has-2-columns has-desktop-oneTwo-layout has-tablet-equal-layout has-mobile-collapsedRows-layout has-vertical-unset\"><div class=\"wp-block-themeisle-blocks-advanced-columns-overlay\"><\/div><div class=\"innerblocks-wrap\">\n<div id=\"wp-block-themeisle-blocks-advanced-column-b4200e1b\" class=\"wp-block-themeisle-blocks-advanced-column\"><div class=\"wp-block-image\">\n<figure class=\"aligncenter size-full is-resized\"><img loading=\"lazy\" decoding=\"async\" width=\"151\" height=\"140\" src=\"https:\/\/marine-rosset.fr\/wp-content\/uploads\/2026\/02\/icone_maison_logement.jpg\" alt=\"\" class=\"wp-image-6478\" style=\"aspect-ratio:1.0786235008230776;width:78px;height:auto\"\/><\/figure>\n<\/div><\/div>\n\n\n\n<div id=\"wp-block-themeisle-blocks-advanced-column-0ba7ae29\" class=\"wp-block-themeisle-blocks-advanced-column\">\n<p><strong>Pouvoir de se loger et de se nourrir<\/strong> avec la cr\u00e9ation de 1 200 nouveaux logements abordables, d\u2019une coop\u00e9rative alimentaire, d\u2019un restaurant \u00e0 tarifs solidaires et la protection des commerces de proximit\u00e9.<\/p>\n<\/div>\n<\/div><\/div>\n\n\n\n<div id=\"wp-block-themeisle-blocks-advanced-columns-fc85bdb0\" class=\"wp-block-themeisle-blocks-advanced-columns has-2-columns has-desktop-oneTwo-layout has-tablet-equal-layout has-mobile-collapsedRows-layout has-vertical-unset\"><div class=\"wp-block-themeisle-blocks-advanced-columns-overlay\"><\/div><div class=\"innerblocks-wrap\">\n<div id=\"wp-block-themeisle-blocks-advanced-column-37339932\" class=\"wp-block-themeisle-blocks-advanced-column\"><div class=\"wp-block-image\">\n<figure class=\"aligncenter size-full is-resized\"><img loading=\"lazy\" decoding=\"async\" width=\"167\" height=\"140\" src=\"https:\/\/marine-rosset.fr\/wp-content\/uploads\/2026\/02\/icone_espace.jpg\" alt=\"\" class=\"wp-image-6481\" style=\"aspect-ratio:1.0786235008230776;width:78px;height:auto\"\/><\/figure>\n<\/div><\/div>\n\n\n\n<div id=\"wp-block-themeisle-blocks-advanced-column-6c675206\" class=\"wp-block-themeisle-blocks-advanced-column\">\n<p><strong>Plus d\u2019espace, plus d\u2019arbres et plus de fra\u00eecheur<\/strong> : une grande promenade arbor\u00e9e et v\u00e9g\u00e9talis\u00e9e du jardin du Luxembourg au jardin des Plantes et le long de nos grands boulevards.<\/p>\n<\/div>\n<\/div><\/div>\n\n\n\n<div id=\"wp-block-themeisle-blocks-advanced-columns-438491c1\" class=\"wp-block-themeisle-blocks-advanced-columns has-2-columns has-desktop-oneTwo-layout has-tablet-equal-layout has-mobile-collapsedRows-layout has-vertical-unset\"><div class=\"wp-block-themeisle-blocks-advanced-columns-overlay\"><\/div><div class=\"innerblocks-wrap\">\n<div id=\"wp-block-themeisle-blocks-advanced-column-fc178202\" class=\"wp-block-themeisle-blocks-advanced-column\"><div class=\"wp-block-image\">\n<figure class=\"aligncenter size-full is-resized\"><img loading=\"lazy\" decoding=\"async\" width=\"157\" height=\"145\" src=\"https:\/\/marine-rosset.fr\/wp-content\/uploads\/2026\/02\/icone_quartier.jpg\" alt=\"\" class=\"wp-image-6484\" style=\"aspect-ratio:1.0786235008230776;width:78px;height:auto\"\/><\/figure>\n<\/div><\/div>\n\n\n\n<div id=\"wp-block-themeisle-blocks-advanced-column-17176b56\" class=\"wp-block-themeisle-blocks-advanced-column\">\n<p><strong>Des quartiers anim\u00e9s, plus s\u00fbrs et plus propres <\/strong>: des maisons de quartier<br>qui soient des lieux de rencontres, de vie associative et de d\u00e9mocratie<br>locale, une police d\u2019hyper-proximit\u00e9, un r\u00e9f\u00e9rent propret\u00e9.<\/p>\n<\/div>\n<\/div><\/div>\n\n\n\n<div id=\"wp-block-themeisle-blocks-advanced-columns-d0d1da4a\" class=\"wp-block-themeisle-blocks-advanced-columns has-2-columns has-desktop-oneTwo-layout has-tablet-equal-layout has-mobile-collapsedRows-layout has-vertical-unset\"><div class=\"wp-block-themeisle-blocks-advanced-columns-overlay\"><\/div><div class=\"innerblocks-wrap\">\n<div id=\"wp-block-themeisle-blocks-advanced-column-0ff0d278\" class=\"wp-block-themeisle-blocks-advanced-column\"><div class=\"wp-block-image\">\n<figure class=\"aligncenter size-full is-resized\"><img loading=\"lazy\" decoding=\"async\" width=\"168\" height=\"140\" src=\"https:\/\/marine-rosset.fr\/wp-content\/uploads\/2026\/02\/icone_education.jpg\" alt=\"\" class=\"wp-image-6485\" style=\"aspect-ratio:1.0786235008230776;width:78px;height:auto\"\/><\/figure>\n<\/div><\/div>\n\n\n\n<div id=\"wp-block-themeisle-blocks-advanced-column-e7511177\" class=\"wp-block-themeisle-blocks-advanced-column\">\n<p><strong>Priorit\u00e9 \u00e0 l\u2019\u00e9ducation, de la petite enfance \u00e0 l\u2019universit\u00e9 et soutien \u00e0 la recherche publique<\/strong> : un p\u00e9riscolaire s\u00fbr et de qualit\u00e9, r\u00e9novation de 8 000 m\u00e8tres carr\u00e9s \u00e0 l\u2019\u00c9cole Sup\u00e9rieure de Physique et de Chimie Industrielles pour renforcer le cluster scientifique actuel.<\/p>\n<\/div>\n<\/div><\/div>\n\n\n\n<div id=\"wp-block-themeisle-blocks-advanced-columns-b9bb3891\" class=\"wp-block-themeisle-blocks-advanced-columns has-2-columns has-desktop-oneTwo-layout has-tablet-equal-layout has-mobile-collapsedRows-layout has-vertical-unset\"><div class=\"wp-block-themeisle-blocks-advanced-columns-overlay\"><\/div><div class=\"innerblocks-wrap\">\n<div id=\"wp-block-themeisle-blocks-advanced-column-d77b405e\" class=\"wp-block-themeisle-blocks-advanced-column\"><div class=\"wp-block-image\">\n<figure class=\"aligncenter size-full is-resized\"><img loading=\"lazy\" decoding=\"async\" width=\"172\" height=\"168\" src=\"https:\/\/marine-rosset.fr\/wp-content\/uploads\/2026\/02\/icone_culture.jpg\" alt=\"\" class=\"wp-image-6486\" style=\"aspect-ratio:1.0786235008230776;width:78px;height:auto\"\/><\/figure>\n<\/div><\/div>\n\n\n\n<div id=\"wp-block-themeisle-blocks-advanced-column-1ad38c41\" class=\"wp-block-themeisle-blocks-advanced-column\">\n<p><strong>Un grand festival culturel, associatif et universitaire<\/strong> \u00e0 ciel ouvert pour se rassembler et f\u00eater ensemble les valeurs du Quartier Latin (acc\u00e8s gratuit au patrimoine, cin\u00e9ma de plein air, journ\u00e9es de d\u00e9couverte scientifique pour les \u00e9coles, sensibilisation au sport inclusif etc.).<\/p>\n<\/div>\n<\/div><\/div>\n\n\n<div class=\"wp-block-image\">\n<figure class=\"aligncenter size-large\"><img loading=\"lazy\" decoding=\"async\" width=\"1024\" height=\"711\" src=\"https:\/\/marine-rosset.fr\/wp-content\/uploads\/2026\/02\/2026_listerosset-1024x711.jpg\" alt=\"\" class=\"wp-image-6492\" srcset=\"https:\/\/marine-rosset.fr\/wp-content\/uploads\/2026\/02\/2026_listerosset-1024x711.jpg 1024w, https:\/\/marine-rosset.fr\/wp-content\/uploads\/2026\/02\/2026_listerosset-300x208.jpg 300w, https:\/\/marine-rosset.fr\/wp-content\/uploads\/2026\/02\/2026_listerosset-768x533.jpg 768w, https:\/\/marine-rosset.fr\/wp-content\/uploads\/2026\/02\/2026_listerosset.jpg 1242w\" sizes=\"auto, (max-width: 1024px) 100vw, 1024px\" \/><\/figure>\n<\/div>\n\n\n<p>D\u00e9couvrir le programme<\/p>\n\n\n\n<div data-wp-interactive=\"core\/file\" class=\"wp-block-file\"><object data-wp-bind--hidden=\"!state.hasPdfPreview\" hidden class=\"wp-block-file__embed\" data=\"https:\/\/marine-rosset.fr\/wp-content\/uploads\/2026\/02\/2026_programmeMarineRosset.pdf\" type=\"application\/pdf\" style=\"width:100%;height:600px\" aria-label=\"Embed of 2026_programmeMarineRosset.\"><\/object><a id=\"wp-block-file--media-4e07b1b2-be76-4307-8346-8af0337744bc\" href=\"https:\/\/marine-rosset.fr\/wp-content\/uploads\/2026\/02\/2026_programmeMarineRosset.pdf\">2026_programmeMarineRosset<\/a><a href=\"https:\/\/marine-rosset.fr\/wp-content\/uploads\/2026\/02\/2026_programmeMarineRosset.pdf\" class=\"wp-block-file__button wp-element-button\" download aria-describedby=\"wp-block-file--media-4e07b1b2-be76-4307-8346-8af0337744bc\">T\u00e9l\u00e9charger<\/a><\/div>\n","protected":false},"excerpt":{"rendered":"<p>POUR UN 5e SOLIDAIRE, VIVANT ET SOLIDAIRE &#8211; NOS 1\u00e8res PROPOSITIONS D\u00e9couvrir le programme<\/p>\n","protected":false},"author":1,"featured_media":0,"parent":0,"menu_order":0,"comment_status":"closed","ping_status":"closed","template":"","meta":{"_themeisle_gutenberg_block_has_review":false,"footnotes":""},"class_list":["post-6477","page","type-page","status-publish","hentry"],"yoast_head":"<!-- This site is optimized with the Yoast SEO plugin v22.3 - https:\/\/yoast.com\/wordpress\/plugins\/seo\/ -->\n<title>Notre programme pour Paris 5e ! - Marine ROSSET<\/title>\n<meta name=\"robots\" content=\"index, follow, max-snippet:-1, max-image-preview:large, max-video-preview:-1\" \/>\n<link rel=\"canonical\" href=\"https:\/\/marine-rosset.fr\/index.php\/notre-programme-pour-paris-5e\/\" \/>\n<meta property=\"og:locale\" content=\"en_US\" \/>\n<meta property=\"og:type\" content=\"article\" \/>\n<meta property=\"og:title\" content=\"Notre programme pour Paris 5e ! - Marine ROSSET\" \/>\n<meta property=\"og:description\" content=\"POUR UN 5e SOLIDAIRE, VIVANT ET SOLIDAIRE &#8211; NOS 1\u00e8res PROPOSITIONS D\u00e9couvrir le programme\" \/>\n<meta property=\"og:url\" content=\"https:\/\/marine-rosset.fr\/index.php\/notre-programme-pour-paris-5e\/\" \/>\n<meta property=\"og:site_name\" content=\"Marine ROSSET\" \/>\n<meta property=\"article:modified_time\" content=\"2026-02-15T21:35:57+00:00\" \/>\n<meta property=\"og:image\" content=\"https:\/\/marine-rosset.fr\/wp-content\/uploads\/2026\/02\/icone_maison_logement.jpg\" \/>\n<meta name=\"twitter:card\" content=\"summary_large_image\" \/>\n<meta name=\"twitter:label1\" content=\"Est. reading time\" \/>\n\t<meta name=\"twitter:data1\" content=\"3 minutes\" \/>\n<script type=\"application\/ld+json\" class=\"yoast-schema-graph\">{\"@context\":\"https:\/\/schema.org\",\"@graph\":[{\"@type\":\"WebPage\",\"@id\":\"https:\/\/marine-rosset.fr\/index.php\/notre-programme-pour-paris-5e\/\",\"url\":\"https:\/\/marine-rosset.fr\/index.php\/notre-programme-pour-paris-5e\/\",\"name\":\"Notre programme pour Paris 5e ! - Marine ROSSET\",\"isPartOf\":{\"@id\":\"https:\/\/marine-rosset.fr\/#website\"},\"primaryImageOfPage\":{\"@id\":\"https:\/\/marine-rosset.fr\/index.php\/notre-programme-pour-paris-5e\/#primaryimage\"},\"image\":{\"@id\":\"https:\/\/marine-rosset.fr\/index.php\/notre-programme-pour-paris-5e\/#primaryimage\"},\"thumbnailUrl\":\"https:\/\/marine-rosset.fr\/wp-content\/uploads\/2026\/02\/icone_maison_logement.jpg\",\"datePublished\":\"2026-02-15T21:09:01+00:00\",\"dateModified\":\"2026-02-15T21:35:57+00:00\",\"breadcrumb\":{\"@id\":\"https:\/\/marine-rosset.fr\/index.php\/notre-programme-pour-paris-5e\/#breadcrumb\"},\"inLanguage\":\"en-US\",\"potentialAction\":[{\"@type\":\"ReadAction\",\"target\":[\"https:\/\/marine-rosset.fr\/index.php\/notre-programme-pour-paris-5e\/\"]}]},{\"@type\":\"ImageObject\",\"inLanguage\":\"en-US\",\"@id\":\"https:\/\/marine-rosset.fr\/index.php\/notre-programme-pour-paris-5e\/#primaryimage\",\"url\":\"https:\/\/marine-rosset.fr\/wp-content\/uploads\/2026\/02\/icone_maison_logement.jpg\",\"contentUrl\":\"https:\/\/marine-rosset.fr\/wp-content\/uploads\/2026\/02\/icone_maison_logement.jpg\",\"width\":151,\"height\":140},{\"@type\":\"BreadcrumbList\",\"@id\":\"https:\/\/marine-rosset.fr\/index.php\/notre-programme-pour-paris-5e\/#breadcrumb\",\"itemListElement\":[{\"@type\":\"ListItem\",\"position\":1,\"name\":\"Accueil\",\"item\":\"https:\/\/marine-rosset.fr\/\"},{\"@type\":\"ListItem\",\"position\":2,\"name\":\"Notre programme pour Paris 5e !\"}]},{\"@type\":\"WebSite\",\"@id\":\"https:\/\/marine-rosset.fr\/#website\",\"url\":\"https:\/\/marine-rosset.fr\/\",\"name\":\"Marine ROSSET\",\"description\":\"Marine Rosset pour le 5e\",\"publisher\":{\"@id\":\"https:\/\/marine-rosset.fr\/#organization\"},\"potentialAction\":[{\"@type\":\"SearchAction\",\"target\":{\"@type\":\"EntryPoint\",\"urlTemplate\":\"https:\/\/marine-rosset.fr\/?s={search_term_string}\"},\"query-input\":\"required name=search_term_string\"}],\"inLanguage\":\"en-US\"},{\"@type\":\"Organization\",\"@id\":\"https:\/\/marine-rosset.fr\/#organization\",\"name\":\"Marine ROSSET\",\"url\":\"https:\/\/marine-rosset.fr\/\",\"logo\":{\"@type\":\"ImageObject\",\"inLanguage\":\"en-US\",\"@id\":\"https:\/\/marine-rosset.fr\/#\/schema\/logo\/image\/\",\"url\":\"https:\/\/marine-rosset.fr\/wp-content\/uploads\/2025\/12\/Marine.png\",\"contentUrl\":\"https:\/\/marine-rosset.fr\/wp-content\/uploads\/2025\/12\/Marine.png\",\"width\":500,\"height\":500,\"caption\":\"Marine ROSSET\"},\"image\":{\"@id\":\"https:\/\/marine-rosset.fr\/#\/schema\/logo\/image\/\"}}]}<\/script>\n<!-- \/ Yoast SEO plugin. -->","yoast_head_json":{"title":"Notre programme pour Paris 5e ! - Marine ROSSET","robots":{"index":"index","follow":"follow","max-snippet":"max-snippet:-1","max-image-preview":"max-image-preview:large","max-video-preview":"max-video-preview:-1"},"canonical":"https:\/\/marine-rosset.fr\/index.php\/notre-programme-pour-paris-5e\/","og_locale":"en_US","og_type":"article","og_title":"Notre programme pour Paris 5e ! - Marine ROSSET","og_description":"POUR UN 5e SOLIDAIRE, VIVANT ET SOLIDAIRE &#8211; NOS 1\u00e8res PROPOSITIONS D\u00e9couvrir le programme","og_url":"https:\/\/marine-rosset.fr\/index.php\/notre-programme-pour-paris-5e\/","og_site_name":"Marine ROSSET","article_modified_time":"2026-02-15T21:35:57+00:00","og_image":[{"url":"https:\/\/marine-rosset.fr\/wp-content\/uploads\/2026\/02\/icone_maison_logement.jpg"}],"twitter_card":"summary_large_image","twitter_misc":{"Est. reading time":"3 minutes"},"schema":{"@context":"https:\/\/schema.org","@graph":[{"@type":"WebPage","@id":"https:\/\/marine-rosset.fr\/index.php\/notre-programme-pour-paris-5e\/","url":"https:\/\/marine-rosset.fr\/index.php\/notre-programme-pour-paris-5e\/","name":"Notre programme pour Paris 5e ! - Marine ROSSET","isPartOf":{"@id":"https:\/\/marine-rosset.fr\/#website"},"primaryImageOfPage":{"@id":"https:\/\/marine-rosset.fr\/index.php\/notre-programme-pour-paris-5e\/#primaryimage"},"image":{"@id":"https:\/\/marine-rosset.fr\/index.php\/notre-programme-pour-paris-5e\/#primaryimage"},"thumbnailUrl":"https:\/\/marine-rosset.fr\/wp-content\/uploads\/2026\/02\/icone_maison_logement.jpg","datePublished":"2026-02-15T21:09:01+00:00","dateModified":"2026-02-15T21:35:57+00:00","breadcrumb":{"@id":"https:\/\/marine-rosset.fr\/index.php\/notre-programme-pour-paris-5e\/#breadcrumb"},"inLanguage":"en-US","potentialAction":[{"@type":"ReadAction","target":["https:\/\/marine-rosset.fr\/index.php\/notre-programme-pour-paris-5e\/"]}]},{"@type":"ImageObject","inLanguage":"en-US","@id":"https:\/\/marine-rosset.fr\/index.php\/notre-programme-pour-paris-5e\/#primaryimage","url":"https:\/\/marine-rosset.fr\/wp-content\/uploads\/2026\/02\/icone_maison_logement.jpg","contentUrl":"https:\/\/marine-rosset.fr\/wp-content\/uploads\/2026\/02\/icone_maison_logement.jpg","width":151,"height":140},{"@type":"BreadcrumbList","@id":"https:\/\/marine-rosset.fr\/index.php\/notre-programme-pour-paris-5e\/#breadcrumb","itemListElement":[{"@type":"ListItem","position":1,"name":"Accueil","item":"https:\/\/marine-rosset.fr\/"},{"@type":"ListItem","position":2,"name":"Notre programme pour Paris 5e !"}]},{"@type":"WebSite","@id":"https:\/\/marine-rosset.fr\/#website","url":"https:\/\/marine-rosset.fr\/","name":"Marine ROSSET","description":"Marine Rosset pour le 5e","publisher":{"@id":"https:\/\/marine-rosset.fr\/#organization"},"potentialAction":[{"@type":"SearchAction","target":{"@type":"EntryPoint","urlTemplate":"https:\/\/marine-rosset.fr\/?s={search_term_string}"},"query-input":"required name=search_term_string"}],"inLanguage":"en-US"},{"@type":"Organization","@id":"https:\/\/marine-rosset.fr\/#organization","name":"Marine ROSSET","url":"https:\/\/marine-rosset.fr\/","logo":{"@type":"ImageObject","inLanguage":"en-US","@id":"https:\/\/marine-rosset.fr\/#\/schema\/logo\/image\/","url":"https:\/\/marine-rosset.fr\/wp-content\/uploads\/2025\/12\/Marine.png","contentUrl":"https:\/\/marine-rosset.fr\/wp-content\/uploads\/2025\/12\/Marine.png","width":500,"height":500,"caption":"Marine ROSSET"},"image":{"@id":"https:\/\/marine-rosset.fr\/#\/schema\/logo\/image\/"}}]}},"_links":{"self":[{"href":"https:\/\/marine-rosset.fr\/index.php\/wp-json\/wp\/v2\/pages\/6477","targetHints":{"allow":["GET"]}}],"collection":[{"href":"https:\/\/marine-rosset.fr\/index.php\/wp-json\/wp\/v2\/pages"}],"about":[{"href":"https:\/\/marine-rosset.fr\/index.php\/wp-json\/wp\/v2\/types\/page"}],"author":[{"embeddable":true,"href":"https:\/\/marine-rosset.fr\/index.php\/wp-json\/wp\/v2\/users\/1"}],"replies":[{"embeddable":true,"href":"https:\/\/marine-rosset.fr\/index.php\/wp-json\/wp\/v2\/comments?post=6477"}],"version-history":[{"count":8,"href":"https:\/\/marine-rosset.fr\/index.php\/wp-json\/wp\/v2\/pages\/6477\/revisions"}],"predecessor-version":[{"id":6497,"href":"https:\/\/marine-rosset.fr\/index.php\/wp-json\/wp\/v2\/pages\/6477\/revisions\/6497"}],"wp:attachment":[{"href":"https:\/\/marine-rosset.fr\/index.php\/wp-json\/wp\/v2\/media?parent=6477"}],"curies":[{"name":"wp","href":"https:\/\/api.w.org\/{rel}","templated":true}]}}